{"id":2784,"date":"2023-10-09T07:54:28","date_gmt":"2023-10-09T07:54:28","guid":{"rendered":"https:\/\/themeholy.com\/wordpress\/konta\/?page_id=2784"},"modified":"2025-11-20T05:37:23","modified_gmt":"2025-11-20T05:37:23","slug":"qui-sommes-nous","status":"publish","type":"page","link":"https:\/\/woydesk.pt\/FN2025\/qui-sommes-nous\/","title":{"rendered":"Qui sommes-nous"},"content":{"rendered":"\t\t<div data-elementor-type=\"wp-page\" data-elementor-id=\"2784\" class=\"elementor elementor-2784\">\n\t\t\t\t\t\t<section class=\"elementor-section elementor-top-section elementor-element elementor-element-a7c31c3 elementor-section-full_width elementor-section-height-default elementor-section-height-default\" data-id=\"a7c31c3\" data-element_type=\"section\" data-e-type=\"section\" data-settings=\"{&quot;background_background&quot;:&quot;classic&quot;}\">\n\t\t\t\t\t\t<div class=\"elementor-container elementor-column-gap-no\">\n\t\t\t\t\t<div class=\"elementor-column elementor-col-100 elementor-top-column elementor-element elementor-element-bc0bd27\" data-id=\"bc0bd27\" data-element_type=\"column\" data-e-type=\"column\">\n\t\t\t<div class=\"elementor-widget-wrap elementor-element-populated\">\n\t\t\t\t\t\t<section class=\"elementor-section elementor-inner-section elementor-element elementor-element-2a3f745 elementor-section-boxed elementor-section-height-default elementor-section-height-default\" data-id=\"2a3f745\" data-element_type=\"section\" data-e-type=\"section\">\n\t\t\t\t\t\t<div class=\"elementor-container elementor-column-gap-no\">\n\t\t\t\t\t<div class=\"elementor-column elementor-col-50 elementor-inner-column elementor-element elementor-element-095a510\" data-id=\"095a510\" data-element_type=\"column\" data-e-type=\"column\">\n\t\t\t<div class=\"elementor-widget-wrap elementor-element-populated\">\n\t\t\t\t\r\n\r\n\t\t<div class=\"elementor-element elementor-element-ca9850f elementor-widget elementor-widget-kontagroupimage\" data-id=\"ca9850f\" data-element_type=\"widget\" data-e-type=\"widget\" data-widget_type=\"kontagroupimage.default\">\n\t\t\t\t<div class=\"elementor-widget-container\">\n\t\t\t\t\t<div class=\"img-box1\"><div class=\"img1\"><img decoding=\"async\" src=\"https:\/\/woydesk.pt\/FN2025\/wp-content\/uploads\/2025\/11\/quem-somos.fw_.png\" alt=\"quem somos.fw_\"  class=\"tilt-active\" \/><\/div><div class=\"about-grid\"><h3 class=\"about-grid_year\"><span class=\"counter-number\">20<\/span>+<\/h3><p class=\"about-grid_text\">Ann\u00e9es d\u2019exp\u00e9rience dans le b\u00e9ton<\/p><\/div><div class=\"img2\"><img decoding=\"async\" src=\"https:\/\/woydesk.pt\/FN2025\/wp-content\/uploads\/2025\/11\/about_1_2.fw_.png\" alt=\"about_1_2.fw_\"  class=\"tilt-active\" \/><\/div><div class=\"shape-mockup about-shape1 jump\" data-left=\"-67px\" data-bottom=\"0\"><img decoding=\"async\" src=\"https:\/\/woydesk.pt\/FN2025\/wp-content\/uploads\/2023\/09\/about_1_shape1.png\" alt=\"about_1_shape1\"  \/><\/div><\/div>\t\t\t\t<\/div>\n\t\t\t\t<\/div>\n\t\t\t\t<div class=\"elementor-element elementor-element-61b48b3 elementor-widget elementor-widget-kontabutton\" data-id=\"61b48b3\" data-element_type=\"widget\" data-e-type=\"widget\" data-widget_type=\"kontabutton.default\">\n\t\t\t\t<div class=\"elementor-widget-container\">\n\t\t\t\t\t<!-- Button --><div class=\"btn-wrapper left\"><a class=\"th-btn\" href=\"https:\/\/woydesk.pt\/FN2025\/contactos\/\">PARLEZ-NOUS ! <i class=\"fa-regular fa-arrow-right ms-2\"><\/i><\/a><\/div><!-- End Button -->\t\t\t\t<\/div>\n\t\t\t\t<\/div>\n\t\t\t\t\t<\/div>\n\t\t<\/div>\n\t\t\t\t<div class=\"elementor-column elementor-col-50 elementor-inner-column elementor-element elementor-element-4714f0e\" data-id=\"4714f0e\" data-element_type=\"column\" data-e-type=\"column\">\n\t\t\t<div class=\"elementor-widget-wrap elementor-element-populated\">\n\t\t\t\t\t\t<div class=\"elementor-element elementor-element-94d5b29 elementor-widget elementor-widget-kontasectiontitle\" data-id=\"94d5b29\" data-element_type=\"widget\" data-e-type=\"widget\" data-widget_type=\"kontasectiontitle.default\">\n\t\t\t\t<div class=\"elementor-widget-container\">\n\t\t\t\t\t<div class=\"title-area mb-md-0\" ><h2 class=\"sec-title  title-selector\">Qui sommes-nous<\/h2><\/div>\t\t\t\t<\/div>\n\t\t\t\t<\/div>\n\t\t\t\t<div class=\"elementor-element elementor-element-82fb65e elementor-widget elementor-widget-text-editor\" data-id=\"82fb65e\" data-element_type=\"widget\" data-e-type=\"widget\" data-widget_type=\"text-editor.default\">\n\t\t\t\t\t\t\t\t\t<p>Bien que jeune, notre entreprise s\u2019appuie sur une \u00e9quipe de professionnels totalisant plus de 20 ans d\u2019exp\u00e9rience dans le domaine des sols en b\u00e9ton.<br \/>\u00c0 la pointe de l\u2019innovation en sols en b\u00e9ton d\u00e9coratifs et industriels, nous nous engageons \u00e0 fournir des solutions de dallage alliant haute qualit\u00e9, durabilit\u00e9 et performance.<br \/>Gr\u00e2ce \u00e0 notre vaste exp\u00e9rience, nous comprenons les exigences propres \u00e0 chaque environnement :<br \/>\u2013 la robustesse indispensable dans les grandes industries,<br \/>\u2013 l\u2019esth\u00e9tique et la finesse recherch\u00e9es dans les espaces r\u00e9sidentiels,<br \/>\u2013 la fiabilit\u00e9 et la fonctionnalit\u00e9 n\u00e9cessaires dans les environnements commerciaux.<br \/>Notre mission : offrir des sols en b\u00e9ton durables, esth\u00e9tiques et parfaitement adapt\u00e9s aux besoins de chaque projet.<\/p>\t\t\t\t\t\t\t\t<\/div>\n\t\t\t\t\t<\/div>\n\t\t<\/div>\n\t\t\t\t\t<\/div>\n\t\t<\/section>\n\t\t\t\t\t<\/div>\n\t\t<\/div>\n\t\t\t\t\t<\/div>\n\t\t<\/section>\n\t\t\t\t<\/div>\n\t\t","protected":false},"excerpt":{"rendered":"<p>20+ Ann\u00e9es d\u2019exp\u00e9rience dans le b\u00e9ton PARLEZ-NOUS ! Qui sommes-nous Bien que jeune, notre entreprise s\u2019appuie sur une \u00e9quipe de professionnels totalisant plus de 20 ans d\u2019exp\u00e9rience dans le domaine des sols en b\u00e9ton.\u00c0 la pointe de l\u2019innovation en sols en b\u00e9ton d\u00e9coratifs et industriels, nous nous engageons \u00e0 fournir des solutions de dallage alliant&#8230;<\/p>\n","protected":false},"author":1,"featured_media":0,"parent":0,"menu_order":0,"comment_status":"closed","ping_status":"closed","template":"template-builder.php","meta":{"_monsterinsights_skip_tracking":false,"_monsterinsights_sitenote_active":false,"_monsterinsights_sitenote_note":"","_monsterinsights_sitenote_category":0,"footnotes":""},"class_list":["post-2784","page","type-page","status-publish","hentry"],"aioseo_notices":[],"_links":{"self":[{"href":"https:\/\/woydesk.pt\/FN2025\/wp-json\/wp\/v2\/pages\/2784","targetHints":{"allow":["GET"]}}],"collection":[{"href":"https:\/\/woydesk.pt\/FN2025\/wp-json\/wp\/v2\/pages"}],"about":[{"href":"https:\/\/woydesk.pt\/FN2025\/wp-json\/wp\/v2\/types\/page"}],"author":[{"embeddable":true,"href":"https:\/\/woydesk.pt\/FN2025\/wp-json\/wp\/v2\/users\/1"}],"replies":[{"embeddable":true,"href":"https:\/\/woydesk.pt\/FN2025\/wp-json\/wp\/v2\/comments?post=2784"}],"version-history":[{"count":30,"href":"https:\/\/woydesk.pt\/FN2025\/wp-json\/wp\/v2\/pages\/2784\/revisions"}],"predecessor-version":[{"id":6181,"href":"https:\/\/woydesk.pt\/FN2025\/wp-json\/wp\/v2\/pages\/2784\/revisions\/6181"}],"wp:attachment":[{"href":"https:\/\/woydesk.pt\/FN2025\/wp-json\/wp\/v2\/media?parent=2784"}],"curies":[{"name":"wp","href":"https:\/\/api.w.org\/{rel}","templated":true}]}}